{"id":360,"date":"2017-01-13T14:00:32","date_gmt":"2017-01-13T13:00:32","guid":{"rendered":"http:\/\/www.cuisineetocean.com\/?page_id=360\/"},"modified":"2017-01-13T14:01:54","modified_gmt":"2017-01-13T13:01:54","slug":"legal-notice","status":"publish","type":"page","link":"https:\/\/www.cuisineetocean.com\/en\/legal-notice\/","title":{"rendered":"Legal Notice"},"content":{"rendered":"<div class=\"content clearfix\">\n<div class=\"field field-name-body field-type-text-with-summary field-label-hidden\">\n<div class=\"field-items\">\n<div class=\"field-item even\">\n<p><strong>Conditions g\u00e9n\u00e9rales d\u2019utilisation<\/strong><\/p>\n<p>Cuisine &amp; Oc\u00e9an est une marque du groupe SEAFOODIA.<\/p>\n<p>Ce site internet est \u00e9dit\u00e9 par\u00a0:<\/p>\n<p>SAS SEAFOODIA<\/p>\n<p>SAS au capital de 683\u00a0450 \u20ac<\/p>\n<p>Si\u00e8ge social\u00a0: 8 boulevard Edouard Herriot, 13008 Marseille, France<\/p>\n<p>Immatricul\u00e9 au RCS de Marseille sous le num\u00e9ro 413\u00a0959 610<\/p>\n<p>Directeur de la publication\u00a0: Service Communication<\/p>\n<p>En vous connectant ou en utilisant notre site internet, vous reconnaissez avoir lu, compris et accept\u00e9, sans limitation ni r\u00e9serve, les pr\u00e9sentes conditions g\u00e9n\u00e9rales d\u2019utilisation.<\/p>\n<p>De plus vous acceptez les conditions juridiques suivantes.<\/p>\n<p>SEAFOODIA peut, \u00e0 tout moment et sans pr\u00e9avis, modifier les pr\u00e9sents termes et conditions juridiques.<\/p>\n<p>SEAFOODIA peut, \u00e0 tout moment et sans pr\u00e9avis, modifier ou mettre \u00e0 jour les informations contenues dans le pr\u00e9sent site internet ainsi que les services, produits d\u00e9taill\u00e9s dans ce dernier. Vous devriez consulter r\u00e9guli\u00e8rement le Site Internet, ses conditions g\u00e9n\u00e9rales d\u2019utilisation afin de vous tenir inform\u00e9 des derni\u00e8res modifications et mise \u00e0 jour.<\/p>\n<p>Aucune licence, ni aucun droit autre que celui de consulter le site web, n\u2019est conf\u00e9r\u00e9 \u00e0 quiconque. La reproduction des documents du site web est autoris\u00e9e \u00e0 des fins exclusives d\u2019information pour un usage personnel et priv\u00e9\u00a0: toute reproduction et toute utilisation de copie r\u00e9alis\u00e9e \u00e0 d\u2019autres fins est express\u00e9ment interdite est soumise \u00e0 l\u2019autorisation pr\u00e9alable et expresse de la soci\u00e9t\u00e9. Sauf disposition contraire, toutes les images et informations sont prot\u00e9g\u00e9s par des droits d\u2019auteur et ne peuvent \u00eatre utilis\u00e9s sans l\u2019accord pr\u00e9alable \u00e9crit de SEAFOODIA. Dans tous les cas, la reproduction autoris\u00e9e des informations contenues dans ce site internet devra indiquer la source et la mention de propri\u00e9t\u00e9 ad\u00e9quates.<\/p>\n<p>Les renseignements personnels fournis ou recueillis par l\u2019interm\u00e9diaire ou dans le cadre du pr\u00e9sent site web ne sont utilis\u00e9s que conform\u00e9ment \u00e0 la politique de confidentialit\u00e9 de SEAFOODIA. Vous acceptez que ces informations deviennent propri\u00e9t\u00e9 de SEAFOODIA et puissent \u00eatre communiqu\u00e9es \u00e0 un tiers int\u00e9ress\u00e9 \u00e0 des fins commerciales uniquement, et que SEAFOODIA ne sera tenue responsable d\u2019aucune perte directe ou indirecte r\u00e9sultant de la transmission erron\u00e9e ou injustifi\u00e9e d\u2019information \u00e0 un tiers, ni de l\u2019acc\u00e8s non autoris\u00e9e de tout tiers auxdites informations. De m\u00eame, SEAFOODIA ne sera pas responsable des informations inexactes et confidentielles fournies dans le cadre du pr\u00e9sent service.<\/p>\n<p>SEAFOODIA mesure la fr\u00e9quentation du site web.<\/p>\n<p>En aucun cas et en aucune circonstance, SEAFOODIA, ses filiales, partenaires, agents et toute personne impliqu\u00e9e dans l\u2019\u00e9laboration du pr\u00e9sent site internet, ne seront tenus responsables de toute d\u00e9cision ou mesure prise apr\u00e8s avoir consult\u00e9 le pr\u00e9sent site internet, ou de toute perte directe ou indirecte, notamment mais non limitativement toute perte commerciale, perte de b\u00e9n\u00e9fice ou d\u2019information, encourue apr\u00e8s avoir acc\u00e9d\u00e9 au pr\u00e9sent site internet et\/ou avoir agi en fonction des informations contenues dans ledit site internet.<\/p>\n<p>SEAFOODIA ne sera tenue responsable d\u2019aucun dommage d\u00e9coulant d\u2019un virus informatique. Elle ne sera pas non plus tenue responsable de tout dommage r\u00e9sultant de l\u2019acc\u00e8s non autoris\u00e9 par un tiers \u00e0 toute information, donn\u00e9e ou tout code d\u2019acc\u00e8s contenu dans le pr\u00e9sent site internet.<\/p>\n<p>SEAFOODIA d\u00e9cline formellement toute responsabilit\u00e9 quant aux contenus des sites vers lesquels elle offre des liens. Ces liens sont propos\u00e9s aux utilisateurs de ce site web en tant que service. Veuillez consulter les conditions g\u00e9n\u00e9rales de ces sites afin de comprendre leurs pratiques. La d\u00e9cision d\u2019activer les liens appartient exclusivement aux utilisateurs du site web. SEAFOODIA peut modifier ou supprimer un lien \u00e0 tout moment sur notre site web.<\/p>\n<p>Si une disposition des pr\u00e9sentes conditions g\u00e9n\u00e9rales d\u2019utilisation est jug\u00e9e invalide ou inex\u00e9cutoire, la disposition invalide ou inex\u00e9cutoire sera remplac\u00e9e par la disposition valide, ex\u00e9cutoire qui correspond le plus \u00e0 l\u2019intention de la disposition initiale et les autres dispositions demeurent \u00e9x\u00e9cutoires.<\/p>\n<p>Le pr\u00e9sent site internet est prot\u00e9g\u00e9 par le droit fran\u00e7ais. Tout litige d\u00e9coulant ou en lien avec son utilisation sera soumis \u00e0 la comp\u00e9tence des tribunaux fran\u00e7ais<\/p>\n<p>Le pr\u00e9sent site internet et son utilisation sont prot\u00e9g\u00e9s par le droit fran\u00e7ais, notamment les articles 38, 39 et 40 de la loi 78-17 du 6 janvier 1978 relative \u00e0 la protection des donn\u00e9es et au respect de la vie priv\u00e9e.<\/p>\n<\/div>\n<\/div>\n<\/div>\n<\/div>\n","protected":false},"excerpt":{"rendered":"<p>Conditions g\u00e9n\u00e9rales d\u2019utilisation Cuisine &amp; Oc\u00e9an est une marque du groupe SEAFOODIA. Ce site internet est \u00e9dit\u00e9 par\u00a0: SAS SEAFOODIA SAS au capital de 683\u00a0450 \u20ac Si\u00e8ge social\u00a0: 8 boulevard Edouard Herriot, 13008 Marseille, France Immatricul\u00e9 au RCS de Marseille sous le num\u00e9ro 413\u00a0959 610 Directeur de la publication\u00a0: Service Communication En vous connectant ou [&hellip;]<\/p>\n","protected":false},"author":1,"featured_media":0,"parent":0,"menu_order":0,"comment_status":"closed","ping_status":"closed","template":"","meta":{"footnotes":""},"class_list":["post-360","page","type-page","status-publish","hentry"],"_links":{"self":[{"href":"https:\/\/www.cuisineetocean.com\/en\/wp-json\/wp\/v2\/pages\/360","targetHints":{"allow":["GET"]}}],"collection":[{"href":"https:\/\/www.cuisineetocean.com\/en\/wp-json\/wp\/v2\/pages"}],"about":[{"href":"https:\/\/www.cuisineetocean.com\/en\/wp-json\/wp\/v2\/types\/page"}],"author":[{"embeddable":true,"href":"https:\/\/www.cuisineetocean.com\/en\/wp-json\/wp\/v2\/users\/1"}],"replies":[{"embeddable":true,"href":"https:\/\/www.cuisineetocean.com\/en\/wp-json\/wp\/v2\/comments?post=360"}],"version-history":[{"count":1,"href":"https:\/\/www.cuisineetocean.com\/en\/wp-json\/wp\/v2\/pages\/360\/revisions"}],"predecessor-version":[{"id":361,"href":"https:\/\/www.cuisineetocean.com\/en\/wp-json\/wp\/v2\/pages\/360\/revisions\/361"}],"wp:attachment":[{"href":"https:\/\/www.cuisineetocean.com\/en\/wp-json\/wp\/v2\/media?parent=360"}],"curies":[{"name":"wp","href":"https:\/\/api.w.org\/{rel}","templated":true}]}}